{"id":3,"date":"2022-11-10T11:16:31","date_gmt":"2022-11-10T11:16:31","guid":{"rendered":"http:\/\/internacional.riod.org\/?page_id=3"},"modified":"2022-11-29T18:29:37","modified_gmt":"2022-11-29T17:29:37","slug":"politica-privacidad","status":"publish","type":"page","link":"https:\/\/internacional.riod.org\/en\/politica-privacidad\/","title":{"rendered":"Privacy policy"},"content":{"rendered":"<div data-elementor-type=\"wp-page\" data-elementor-id=\"3\" class=\"elementor elementor-3\" data-elementor-post-type=\"page\">\n\t\t\t\t\t\t<section class=\"elementor-section elementor-top-section elementor-element elementor-element-1104a83e elementor-section-boxed elementor-section-height-default elementor-section-height-default\" data-id=\"1104a83e\" data-element_type=\"section\" data-e-type=\"section\">\n\t\t\t\t\t\t<div class=\"elementor-container elementor-column-gap-default\">\n\t\t\t\t\t<div class=\"elementor-column elementor-col-100 elementor-top-column elementor-element elementor-element-2f0dbcda\" data-id=\"2f0dbcda\" data-element_type=\"column\" data-e-type=\"column\">\n\t\t\t<div class=\"elementor-widget-wrap elementor-element-populated\">\n\t\t\t\t\t\t<div class=\"elementor-element elementor-element-d3a39c1 elementor-widget elementor-widget-spacer\" data-id=\"d3a39c1\" data-element_type=\"widget\" data-e-type=\"widget\" data-widget_type=\"spacer.default\">\n\t\t\t\t<div class=\"elementor-widget-container\">\n\t\t\t\t\t\t\t<div class=\"elementor-spacer\">\n\t\t\t<div class=\"elementor-spacer-inner\"><\/div>\n\t\t<\/div>\n\t\t\t\t\t\t<\/div>\n\t\t\t\t<\/div>\n\t\t\t\t<div class=\"elementor-element elementor-element-35a9a5a elementor-widget elementor-widget-heading\" data-id=\"35a9a5a\" data-element_type=\"widget\" data-e-type=\"widget\" data-widget_type=\"heading.default\">\n\t\t\t\t<div class=\"elementor-widget-container\">\n\t\t\t\t\t<h2 class=\"elementor-heading-title elementor-size-default\">Privacy policy<\/h2>\t\t\t\t<\/div>\n\t\t\t\t<\/div>\n\t\t\t\t<div class=\"elementor-element elementor-element-3ecc8745 elementor-widget elementor-widget-text-editor\" data-id=\"3ecc8745\" data-element_type=\"widget\" data-e-type=\"widget\" data-widget_type=\"text-editor.default\">\n\t\t\t\t<div class=\"elementor-widget-container\">\n\t\t\t\t\t\t\t\t\t\n<h3 class=\"wp-block-heading\">I. RESPONSABLE DEL TRATAMIENTO<\/h3>\n\n\n\n<p><strong>Datos de contacto del responsable: RIOD, RED IBEROAMERICANA DE ONG QUE TRABAJAN EN DROGAS Y OTRAS ADICCIONES (en adelante RIOD)<\/strong>, con&nbsp;CIF G82395542 y direcci\u00f3n sita en Madrid, CP 28020, Avenida de Brasil, 17.<\/p>\n\n\n\n<p><strong>Datos de contacto en Protecci\u00f3n de Datos:<\/strong>&nbsp;puede contactar en la direcci\u00f3n postal antes se\u00f1alada y\/o a trav\u00e9s de correo&nbsp; electr\u00f3nico:&nbsp;<a href=\"https:\/\/web.archive.org\/web\/20210116205952\/mailto:riod@riod.org\" target=\"_blank\" rel=\"noreferrer noopener\">riod@riod.org<\/a>&nbsp;\/&nbsp;<a href=\"mailto:equaldpo@equalprotecciondedatos.com\">equaldpo@equalprotecciondedatos.com<\/a><\/p>\n\n\n\n<h3 class=\"wp-block-heading\">II. CONSENTIMIENTO DEL USUARIO<\/h3>\n\n\n\n<p>Se entender\u00e1 que el usuario acepta las condiciones establecidas desde el momento que se registra en la web o remite sus datos por cualquier medio&nbsp;habilitado. Ello supone el consentimiento inequ\u00edvoco, por parte del usuario,&nbsp;al tratamiento automatizado de los datos de acuerdo con las condiciones de privacidad de&nbsp;<strong>RIOD<\/strong>. Los datos recabados son los adecuados,&nbsp; pertinentes y no excesivos en relaci\u00f3n con el \u00e1mbito y las finalidades determinadas. No obstante lo anterior, dicho consentimiento podr\u00e1 ser revocado en cualquier momento por el interesado, d\u00e1ndose de baja por cualquiera de los medios&nbsp;puestos a disposici\u00f3n del usuario.<\/p>\n\n\n\n<h3 class=\"wp-block-heading\">III. FINALIDADES DEL TRATAMIENTO DE LOS DATOS<\/h3>\n\n\n\n<p><strong>\u00bfCon que finalidad tratamos sus datos personales?<\/strong><\/p>\n\n\n\n<p>Recogemos informaci\u00f3n personal necesaria para dar respuesta a las&nbsp;solicitudes de informaci\u00f3n de los usuarios en relaci\u00f3n a&nbsp; las acciones que desarrolla la Organizaci\u00f3n. En caso de pasar a formar parte de alguno de los proyectos de&nbsp;<strong>RIOD<\/strong>&nbsp;se tratar\u00e1n los datos con la finalidad de realizar el seguimiento de dicho proyecto.<\/p>\n\n\n\n<p><strong>\u00bfEn qu\u00e9 supuestos se solicitan datos personales?<\/strong><\/p>\n\n\n\n<ul class=\"wp-block-list\">\n<li>Para atender las consultas que nos hagan llegar.<\/li>\n<\/ul>\n\n\n\n<p><strong>\u00bfQu\u00e9 uso le daremos a la informaci\u00f3n personal que utilicemos?:<\/strong><\/p>\n\n\n\n<ul class=\"wp-block-list\">\n<li>Para la atenci\u00f3n al usuario y prestar servicios de seguimiento.<\/li>\n<\/ul>\n\n\n\n<p><strong>\u00bfDurante cu\u00e1nto plazo conservaremos sus datos?<\/strong><\/p>\n\n\n\n<p>El periodo de conservaci\u00f3n de los datos personales variar\u00e1 en funci\u00f3n de la&nbsp;consulta y el seguimiento que sea necesario&nbsp; realizar. En caso de pasar a&nbsp;formar parte de alguno de los proyectos de&nbsp;<strong>RIOD<\/strong>&nbsp;se conservar\u00e1n los datos&nbsp;durante el tiempo necesario para el desarrollo de dicho proyecto. Una vez&nbsp;finalizado, mantendremos sus datos bloqueados durante los plazos&nbsp; de prescripci\u00f3n de las obligaciones que hayan podido nacer del tratamiento y\/o los plazos legales aplicables, quedando a&nbsp; disposici\u00f3n de las autoridades competentes, para la atenci\u00f3n de las posibles responsabilidades nacidas del tratamiento.<\/p>\n\n\n\n<h3 class=\"wp-block-heading\">IV. LEGITIMACI\u00d3N<\/h3>\n\n\n\n<p>Tratamos tus datos sobre la base jur\u00eddica de prestarte la informaci\u00f3n que&nbsp;nos solicite y para el desarrollo del proyecto de que&nbsp; se trate, con fines de&nbsp;seguimiento.<\/p>\n\n\n\n<p>En cada uno de los casos, tendr\u00e1 plenos derechos sobre sus datos&nbsp;personales y sobre el uso de los mismos y podr\u00e1&nbsp; ejercitarlos en cualquier momento.<\/p>\n\n\n\n<p>El env\u00edo de datos de car\u00e1cter personal es obligatorio para contactar y poder&nbsp;atender la petici\u00f3n que nos haga llegar.&nbsp; Asimismo, el no facilitar los datos&nbsp;personales solicitados o el no aceptar la presente pol\u00edtica de privacidad&nbsp;supone la imposibilidad de procesar las solicitudes realizadas en esta web.<\/p>\n\n\n\n<h3 class=\"wp-block-heading\">V. DESTINATARIOS<\/h3>\n\n\n\n<p><strong>\u00bfA qui\u00e9nes cedemos sus datos?<\/strong><\/p>\n\n\n\n<p>A Organismos P\u00fablicos competentes, Agencia Tributaria, Fuerzas y Cuerpos&nbsp;de Seguridad del Estado, Jueces y Tribunales,&nbsp; cuando RIOD tenga la&nbsp;obligaci\u00f3n legal de facilitarlos.<\/p>\n\n\n\n<p>Fuera de los casos anteriores, los datos no ser\u00e1n cedidos, salvo aquellas&nbsp;cesiones autorizadas por la legislaci\u00f3n vigente para fines leg\u00edtimos.<\/p>\n\n\n\n<h3 class=\"wp-block-heading\">VI. DERECHOS DE PROTECCI\u00d3N DE DATOS<\/h3>\n\n\n\n<p><strong>\u00bfC\u00f3mo se pueden ejercitar los derechos?<\/strong><\/p>\n\n\n\n<p>Le informamos que podr\u00e1 ejercer sus derechos de acceso, rectificaci\u00f3n,&nbsp;oposici\u00f3n, supresi\u00f3n, limitaci\u00f3n del tratamiento y&nbsp; portabilidad dirigi\u00e9ndose&nbsp;por escrito al Responsable en el domicilio indicado anteriormente o a la&nbsp;direcci\u00f3n de correo electr\u00f3nico&nbsp;<a href=\"https:\/\/web.archive.org\/web\/20210116205952\/mailto:riod@riod.org\" target=\"_blank\" rel=\"noreferrer noopener\">riod@riod.org<\/a>.<\/p>\n\n\n\n<p>Asimismo, le informamos que tambi\u00e9n puede dirigirse a los mismos efectos a nuestro Delegado de Protecci\u00f3n de Datos, Equal Consulting, S.L.P., dirigi\u00e9ndose por escrito a la direcci\u00f3n de correo electr\u00f3nico&nbsp;<a href=\"https:\/\/web.archive.org\/web\/20210116205952\/mailto:%20info@equalprotecciondedatos.com\" target=\"_blank\" rel=\"noreferrer noopener\">info@equalprotecciondedatos.com<\/a>.<\/p>\n\n\n\n<p>Si considera que su solicitud no se ha atendido correctamente o sus datos no se est\u00e1n tratando de modo adecuado puede dirigir sus reclamaciones a la Agencia Espa\u00f1ola de Protecci\u00f3n de Datos, organismo de control de la materia en Espa\u00f1a.<\/p>\n\n\n\n<h3 class=\"wp-block-heading\">VII. NIVEL DE SEGURIDAD<\/h3>\n\n\n\n<p><strong>RIOD<\/strong>&nbsp;implantar\u00e1 las medidas de seguridad t\u00e9cnicas y organizativas&nbsp;necesarias para garantizar la seguridad de los datos de&nbsp; car\u00e1cter personal de acuerdo con lo preceptuado en el RGPD, evitando de esta forma la p\u00e9rdida, alteraci\u00f3n y acceso no autorizado a los mismos.<\/p>\n\n\n\n<h3 class=\"wp-block-heading\">VIII. CONFIDENCIALIDAD<\/h3>\n\n\n\n<p>Los datos personales que se puedan recoger ser\u00e1n tratados con absoluta&nbsp;confidencialidad, comprometi\u00e9ndonos a guardar&nbsp; secreto respecto de los mismos y garantizando el deber de guardarlos adoptando todas las medidas necesarias que eviten su alteraci\u00f3n, p\u00e9rdida y tratamiento o acceso no&nbsp;autorizado, de acuerdo con lo establecido en la legislaci\u00f3n aplicable.<\/p>\n\n\n\n<h3 class=\"wp-block-heading\">IX. RESPONSABILIDAD<\/h3>\n\n\n\n<p>El usuario ser\u00e1 el \u00fanico responsable a causa de la cumplimentaci\u00f3n de los&nbsp;formularios con datos falsos, inexactos, incompletos o no actualizados.<\/p>\n\t\t\t\t\t\t\t\t<\/div>\n\t\t\t\t<\/div>\n\t\t\t\t\t<\/div>\n\t\t<\/div>\n\t\t\t\t\t<\/div>\n\t\t<\/section>\n\t\t\t\t<\/div>","protected":false},"excerpt":{"rendered":"<p>Pol\u00edtica de privacidad I. RESPONSABLE DEL TRATAMIENTO Datos de contacto del responsable: RIOD, RED IBEROAMERICANA DE ONG QUE TRABAJAN EN DROGAS Y OTRAS ADICCIONES (en adelante RIOD), con&nbsp;CIF G82395542 y direcci\u00f3n sita en Madrid, CP 28020, Avenida de Brasil, 17. Datos de contacto en Protecci\u00f3n de Datos:&nbsp;puede contactar en la direcci\u00f3n postal antes se\u00f1alada y\/o [&hellip;]<\/p>\n","protected":false},"author":1,"featured_media":0,"parent":0,"menu_order":0,"comment_status":"closed","ping_status":"open","template":"","meta":{"site-sidebar-layout":"default","site-content-layout":"","ast-site-content-layout":"default","site-content-style":"default","site-sidebar-style":"default","ast-global-header-display":"","ast-banner-title-visibility":"","ast-main-header-display":"","ast-hfb-above-header-display":"","ast-hfb-below-header-display":"","ast-hfb-mobile-header-display":"","site-post-title":"disabled","ast-breadcrumbs-content":"","ast-featured-img":"","footer-sml-layout":"","ast-disable-related-posts":"","theme-transparent-header-meta":"","adv-header-id-meta":"","stick-header-meta":"","header-above-stick-meta":"","header-main-stick-meta":"","header-below-stick-meta":"","astra-migrate-meta-layouts":"default","ast-page-background-enabled":"default","ast-page-background-meta":{"desktop":{"background-color":"var(--ast-global-color-4)","background-image":"","background-repeat":"repeat","background-position":"center center","background-size":"auto","background-attachment":"scroll","background-type":"","background-media":"","overlay-type":"","overlay-color":"","overlay-opacity":"","overlay-gradient":""},"tablet":{"background-color":"","background-image":"","background-repeat":"repeat","background-position":"center center","background-size":"auto","background-attachment":"scroll","background-type":"","background-media":"","overlay-type":"","overlay-color":"","overlay-opacity":"","overlay-gradient":""},"mobile":{"background-color":"","background-image":"","background-repeat":"repeat","background-position":"center center","background-size":"auto","background-attachment":"scroll","background-type":"","background-media":"","overlay-type":"","overlay-color":"","overlay-opacity":"","overlay-gradient":""}},"ast-content-background-meta":{"desktop":{"background-color":"var(--ast-global-color-5)","background-image":"","background-repeat":"repeat","background-position":"center center","background-size":"auto","background-attachment":"scroll","background-type":"","background-media":"","overlay-type":"","overlay-color":"","overlay-opacity":"","overlay-gradient":""},"tablet":{"background-color":"var(--ast-global-color-5)","background-image":"","background-repeat":"repeat","background-position":"center center","background-size":"auto","background-attachment":"scroll","background-type":"","background-media":"","overlay-type":"","overlay-color":"","overlay-opacity":"","overlay-gradient":""},"mobile":{"background-color":"var(--ast-global-color-5)","background-image":"","background-repeat":"repeat","background-position":"center center","background-size":"auto","background-attachment":"scroll","background-type":"","background-media":"","overlay-type":"","overlay-color":"","overlay-opacity":"","overlay-gradient":""}},"footnotes":""},"class_list":["post-3","page","type-page","status-publish","hentry"],"_links":{"self":[{"href":"https:\/\/internacional.riod.org\/en\/wp-json\/wp\/v2\/pages\/3","targetHints":{"allow":["GET"]}}],"collection":[{"href":"https:\/\/internacional.riod.org\/en\/wp-json\/wp\/v2\/pages"}],"about":[{"href":"https:\/\/internacional.riod.org\/en\/wp-json\/wp\/v2\/types\/page"}],"author":[{"embeddable":true,"href":"https:\/\/internacional.riod.org\/en\/wp-json\/wp\/v2\/users\/1"}],"replies":[{"embeddable":true,"href":"https:\/\/internacional.riod.org\/en\/wp-json\/wp\/v2\/comments?post=3"}],"version-history":[{"count":8,"href":"https:\/\/internacional.riod.org\/en\/wp-json\/wp\/v2\/pages\/3\/revisions"}],"predecessor-version":[{"id":809,"href":"https:\/\/internacional.riod.org\/en\/wp-json\/wp\/v2\/pages\/3\/revisions\/809"}],"wp:attachment":[{"href":"https:\/\/internacional.riod.org\/en\/wp-json\/wp\/v2\/media?parent=3"}],"curies":[{"name":"wp","href":"https:\/\/api.w.org\/{rel}","templated":true}]}}